{"id":358,"date":"2015-09-29T13:27:52","date_gmt":"2015-09-29T13:27:52","guid":{"rendered":"http:\/\/www.miraclescome.com\/au-dela-d-un-defunt\/?lang=en"},"modified":"2016-07-26T14:52:21","modified_gmt":"2016-07-26T13:52:21","slug":"au-dela-d-un-defunt","status":"publish","type":"page","link":"https:\/\/www.miraclescome.com\/en\/","title":{"rendered":"Home"},"content":{"rendered":"<div class=\"center-block\" style=\"position: absolute; top: 0; width: 70%; left: 10% z-index: -1;\"><div class=\"animated flipOutY duration10\"><img loading=\"lazy\" decoding=\"async\" class=\"img-responsive aligncenter wp-image-402 size-medium\" style=\"width: 80%;\" src=\"http:\/\/www.miraclescome.com\/wp-content\/uploads\/2015\/09\/15-212x300.jpg\" width=\"212\" height=\"300\" srcset=\"https:\/\/www.miraclescome.com\/wp-content\/uploads\/2015\/09\/15-212x300.jpg 212w, https:\/\/www.miraclescome.com\/wp-content\/uploads\/2015\/09\/15.jpg 642w\" sizes=\"auto, (max-width: 212px) 100vw, 212px\" \/><\/div><\/div>\n<div class=\"animated zoomInRight delay0 duration14\"><div class=\"display-pages-listing\"><div class=\"column column-1-2\"><a class=\"image\" href=\"https:\/\/www.miraclescome.com\/en\/qui-sommes-nous\/\"><img loading=\"lazy\" decoding=\"async\" width=\"355\" height=\"355\" src=\"https:\/\/www.miraclescome.com\/wp-content\/uploads\/2015\/09\/team.jpg\" class=\"attachment-miracle-size size-miracle-size wp-post-image\" alt=\"\" srcset=\"https:\/\/www.miraclescome.com\/wp-content\/uploads\/2015\/09\/team.jpg 355w, https:\/\/www.miraclescome.com\/wp-content\/uploads\/2015\/09\/team-150x150.jpg 150w, https:\/\/www.miraclescome.com\/wp-content\/uploads\/2015\/09\/team-300x300.jpg 300w\" sizes=\"auto, (max-width: 355px) 100vw, 355px\" \/><\/a> <h2><a href=\"https:\/\/www.miraclescome.com\/en\/qui-sommes-nous\/\">Who are we?<\/a><\/h2> <span class=\"excerpt\"><\/span><\/div><div class=\"column column-1-2 column-last\"><a class=\"image\" href=\"https:\/\/www.miraclescome.com\/en\/share-your-miracles\/\"><img loading=\"lazy\" decoding=\"async\" width=\"355\" height=\"355\" src=\"https:\/\/www.miraclescome.com\/wp-content\/uploads\/2015\/09\/partage.jpg\" class=\"attachment-miracle-size size-miracle-size wp-post-image\" alt=\"\" srcset=\"https:\/\/www.miraclescome.com\/wp-content\/uploads\/2015\/09\/partage.jpg 355w, https:\/\/www.miraclescome.com\/wp-content\/uploads\/2015\/09\/partage-150x150.jpg 150w, https:\/\/www.miraclescome.com\/wp-content\/uploads\/2015\/09\/partage-300x300.jpg 300w\" sizes=\"auto, (max-width: 355px) 100vw, 355px\" \/><\/a> <h2><a href=\"https:\/\/www.miraclescome.com\/en\/share-your-miracles\/\">Share your miracles<\/a><\/h2> <span class=\"excerpt\"><\/span><\/div><br class=\"column-clear\" \/><div class=\"column column-1-2\"><a class=\"image\" href=\"https:\/\/www.miraclescome.com\/en\/scientific-approach\/\"><img loading=\"lazy\" decoding=\"async\" width=\"355\" height=\"355\" src=\"https:\/\/www.miraclescome.com\/wp-content\/uploads\/2015\/09\/scientifique.jpg\" class=\"attachment-miracle-size size-miracle-size wp-post-image\" alt=\"\" srcset=\"https:\/\/www.miraclescome.com\/wp-content\/uploads\/2015\/09\/scientifique.jpg 355w, https:\/\/www.miraclescome.com\/wp-content\/uploads\/2015\/09\/scientifique-150x150.jpg 150w, https:\/\/www.miraclescome.com\/wp-content\/uploads\/2015\/09\/scientifique-300x300.jpg 300w\" sizes=\"auto, (max-width: 355px) 100vw, 355px\" \/><\/a> <h2><a href=\"https:\/\/www.miraclescome.com\/en\/scientific-approach\/\">Scientific approach<\/a><\/h2> <span class=\"excerpt\"><\/span><\/div><div class=\"column column-1-2 column-last\"><a class=\"image\" href=\"https:\/\/www.miraclescome.com\/en\/the-book-summary\/\"><img loading=\"lazy\" decoding=\"async\" width=\"355\" height=\"355\" src=\"https:\/\/www.miraclescome.com\/wp-content\/uploads\/2015\/09\/livre.jpg\" class=\"attachment-miracle-size size-miracle-size wp-post-image\" alt=\"\" srcset=\"https:\/\/www.miraclescome.com\/wp-content\/uploads\/2015\/09\/livre.jpg 355w, https:\/\/www.miraclescome.com\/wp-content\/uploads\/2015\/09\/livre-150x150.jpg 150w, https:\/\/www.miraclescome.com\/wp-content\/uploads\/2015\/09\/livre-300x300.jpg 300w\" sizes=\"auto, (max-width: 355px) 100vw, 355px\" \/><\/a> <h2><a href=\"https:\/\/www.miraclescome.com\/en\/the-book-summary\/\">The Book: Where to buy<\/a><\/h2> <span class=\"excerpt\"><\/span><\/div><br class=\"column-clear\" \/><\/div><\/div>\n","protected":false},"excerpt":{"rendered":"","protected":false},"author":1,"featured_media":0,"parent":0,"menu_order":0,"comment_status":"closed","ping_status":"open","template":"","meta":{"footnotes":""},"class_list":["post-358","page","type-page","status-publish","hentry"],"yoast_head":"<!-- This site is optimized with the Yoast SEO plugin v27.6 - https:\/\/yoast.com\/product\/yoast-seo-wordpress\/ -->\n<title>Au del\u00e0 d&#039;un d\u00e9funt - m\u00e9diumnit\u00e9 et gu\u00e9rison au quotidient<\/title>\n<meta name=\"description\" content=\"T\u00e9moignages\u00a0ph\u00e9nom\u00e8nes parapsychologiques, rencontre avec un Saint, survie spectaculaire, un \u00e9v\u00e9nement ou une prise de conscience qui a chang\u00e9 votre vie\" \/>\n<meta name=\"robots\" content=\"index, follow, max-snippet:-1, max-image-preview:large, max-video-preview:-1\" \/>\n<link rel=\"canonical\" href=\"https:\/\/www.miraclescome.com\/en\/\" \/>\n<meta property=\"og:locale\" content=\"en_US\" \/>\n<meta property=\"og:type\" content=\"article\" \/>\n<meta property=\"og:title\" content=\"Au del\u00e0 d&#039;un d\u00e9funt - m\u00e9diumnit\u00e9 et gu\u00e9rison au quotidient\" \/>\n<meta property=\"og:description\" content=\"T\u00e9moignages\u00a0ph\u00e9nom\u00e8nes parapsychologiques, rencontre avec un Saint, survie spectaculaire, un \u00e9v\u00e9nement ou une prise de conscience qui a chang\u00e9 votre vie\" \/>\n<meta property=\"og:url\" content=\"https:\/\/www.miraclescome.com\/en\/\" \/>\n<meta property=\"og:site_name\" content=\"Spirit Life &amp; Science\" \/>\n<meta property=\"article:publisher\" content=\"http:\/\/www.facebook.com\/miraclescome.livre\" \/>\n<meta property=\"article:modified_time\" content=\"2016-07-26T13:52:21+00:00\" \/>\n<meta property=\"og:image\" content=\"http:\/\/www.miraclescome.com\/wp-content\/uploads\/2015\/09\/15-212x300.jpg\" \/>\n<meta name=\"twitter:card\" content=\"summary_large_image\" \/>\n<script type=\"application\/ld+json\" class=\"yoast-schema-graph\">{\"@context\":\"https:\\\/\\\/schema.org\",\"@graph\":[{\"@type\":\"WebPage\",\"@id\":\"https:\\\/\\\/www.miraclescome.com\\\/en\\\/\",\"url\":\"https:\\\/\\\/www.miraclescome.com\\\/en\\\/\",\"name\":\"Au del\u00e0 d'un d\u00e9funt - m\u00e9diumnit\u00e9 et gu\u00e9rison au quotidient\",\"isPartOf\":{\"@id\":\"https:\\\/\\\/www.miraclescome.com\\\/en\\\/#website\"},\"primaryImageOfPage\":{\"@id\":\"https:\\\/\\\/www.miraclescome.com\\\/en\\\/#primaryimage\"},\"image\":{\"@id\":\"https:\\\/\\\/www.miraclescome.com\\\/en\\\/#primaryimage\"},\"thumbnailUrl\":\"http:\\\/\\\/www.miraclescome.com\\\/wp-content\\\/uploads\\\/2015\\\/09\\\/15-212x300.jpg\",\"datePublished\":\"2015-09-29T13:27:52+00:00\",\"dateModified\":\"2016-07-26T13:52:21+00:00\",\"description\":\"T\u00e9moignages\u00a0ph\u00e9nom\u00e8nes parapsychologiques, rencontre avec un Saint, survie spectaculaire, un \u00e9v\u00e9nement ou une prise de conscience qui a chang\u00e9 votre vie\",\"breadcrumb\":{\"@id\":\"https:\\\/\\\/www.miraclescome.com\\\/en\\\/#breadcrumb\"},\"inLanguage\":\"en-US\",\"potentialAction\":[{\"@type\":\"ReadAction\",\"target\":[\"https:\\\/\\\/www.miraclescome.com\\\/en\\\/\"]}]},{\"@type\":\"ImageObject\",\"inLanguage\":\"en-US\",\"@id\":\"https:\\\/\\\/www.miraclescome.com\\\/en\\\/#primaryimage\",\"url\":\"http:\\\/\\\/www.miraclescome.com\\\/wp-content\\\/uploads\\\/2015\\\/09\\\/15-212x300.jpg\",\"contentUrl\":\"http:\\\/\\\/www.miraclescome.com\\\/wp-content\\\/uploads\\\/2015\\\/09\\\/15-212x300.jpg\"},{\"@type\":\"BreadcrumbList\",\"@id\":\"https:\\\/\\\/www.miraclescome.com\\\/en\\\/#breadcrumb\",\"itemListElement\":[{\"@type\":\"ListItem\",\"position\":1,\"name\":\"Accueil\",\"item\":\"https:\\\/\\\/www.miraclescome.com\\\/en\\\/\"},{\"@type\":\"ListItem\",\"position\":2,\"name\":\"Home\"}]},{\"@type\":\"WebSite\",\"@id\":\"https:\\\/\\\/www.miraclescome.com\\\/en\\\/#website\",\"url\":\"https:\\\/\\\/www.miraclescome.com\\\/en\\\/\",\"name\":\"Spirit Life & Science\",\"description\":\"Understanding your gifts of healing and mediumship\",\"potentialAction\":[{\"@type\":\"SearchAction\",\"target\":{\"@type\":\"EntryPoint\",\"urlTemplate\":\"https:\\\/\\\/www.miraclescome.com\\\/en\\\/?s={search_term_string}\"},\"query-input\":{\"@type\":\"PropertyValueSpecification\",\"valueRequired\":true,\"valueName\":\"search_term_string\"}}],\"inLanguage\":\"en-US\"}]}<\/script>\n<!-- \/ Yoast SEO plugin. -->","yoast_head_json":{"title":"Au del\u00e0 d'un d\u00e9funt - m\u00e9diumnit\u00e9 et gu\u00e9rison au quotidient","description":"T\u00e9moignages\u00a0ph\u00e9nom\u00e8nes parapsychologiques, rencontre avec un Saint, survie spectaculaire, un \u00e9v\u00e9nement ou une prise de conscience qui a chang\u00e9 votre vie","robots":{"index":"index","follow":"follow","max-snippet":"max-snippet:-1","max-image-preview":"max-image-preview:large","max-video-preview":"max-video-preview:-1"},"canonical":"https:\/\/www.miraclescome.com\/en\/","og_locale":"en_US","og_type":"article","og_title":"Au del\u00e0 d'un d\u00e9funt - m\u00e9diumnit\u00e9 et gu\u00e9rison au quotidient","og_description":"T\u00e9moignages\u00a0ph\u00e9nom\u00e8nes parapsychologiques, rencontre avec un Saint, survie spectaculaire, un \u00e9v\u00e9nement ou une prise de conscience qui a chang\u00e9 votre vie","og_url":"https:\/\/www.miraclescome.com\/en\/","og_site_name":"Spirit Life & Science","article_publisher":"http:\/\/www.facebook.com\/miraclescome.livre","article_modified_time":"2016-07-26T13:52:21+00:00","og_image":[{"url":"http:\/\/www.miraclescome.com\/wp-content\/uploads\/2015\/09\/15-212x300.jpg","type":"","width":"","height":""}],"twitter_card":"summary_large_image","schema":{"@context":"https:\/\/schema.org","@graph":[{"@type":"WebPage","@id":"https:\/\/www.miraclescome.com\/en\/","url":"https:\/\/www.miraclescome.com\/en\/","name":"Au del\u00e0 d'un d\u00e9funt - m\u00e9diumnit\u00e9 et gu\u00e9rison au quotidient","isPartOf":{"@id":"https:\/\/www.miraclescome.com\/en\/#website"},"primaryImageOfPage":{"@id":"https:\/\/www.miraclescome.com\/en\/#primaryimage"},"image":{"@id":"https:\/\/www.miraclescome.com\/en\/#primaryimage"},"thumbnailUrl":"http:\/\/www.miraclescome.com\/wp-content\/uploads\/2015\/09\/15-212x300.jpg","datePublished":"2015-09-29T13:27:52+00:00","dateModified":"2016-07-26T13:52:21+00:00","description":"T\u00e9moignages\u00a0ph\u00e9nom\u00e8nes parapsychologiques, rencontre avec un Saint, survie spectaculaire, un \u00e9v\u00e9nement ou une prise de conscience qui a chang\u00e9 votre vie","breadcrumb":{"@id":"https:\/\/www.miraclescome.com\/en\/#breadcrumb"},"inLanguage":"en-US","potentialAction":[{"@type":"ReadAction","target":["https:\/\/www.miraclescome.com\/en\/"]}]},{"@type":"ImageObject","inLanguage":"en-US","@id":"https:\/\/www.miraclescome.com\/en\/#primaryimage","url":"http:\/\/www.miraclescome.com\/wp-content\/uploads\/2015\/09\/15-212x300.jpg","contentUrl":"http:\/\/www.miraclescome.com\/wp-content\/uploads\/2015\/09\/15-212x300.jpg"},{"@type":"BreadcrumbList","@id":"https:\/\/www.miraclescome.com\/en\/#breadcrumb","itemListElement":[{"@type":"ListItem","position":1,"name":"Accueil","item":"https:\/\/www.miraclescome.com\/en\/"},{"@type":"ListItem","position":2,"name":"Home"}]},{"@type":"WebSite","@id":"https:\/\/www.miraclescome.com\/en\/#website","url":"https:\/\/www.miraclescome.com\/en\/","name":"Spirit Life & Science","description":"Understanding your gifts of healing and mediumship","potentialAction":[{"@type":"SearchAction","target":{"@type":"EntryPoint","urlTemplate":"https:\/\/www.miraclescome.com\/en\/?s={search_term_string}"},"query-input":{"@type":"PropertyValueSpecification","valueRequired":true,"valueName":"search_term_string"}}],"inLanguage":"en-US"}]}},"_links":{"self":[{"href":"https:\/\/www.miraclescome.com\/en\/wp-json\/wp\/v2\/pages\/358","targetHints":{"allow":["GET"]}}],"collection":[{"href":"https:\/\/www.miraclescome.com\/en\/wp-json\/wp\/v2\/pages"}],"about":[{"href":"https:\/\/www.miraclescome.com\/en\/wp-json\/wp\/v2\/types\/page"}],"author":[{"embeddable":true,"href":"https:\/\/www.miraclescome.com\/en\/wp-json\/wp\/v2\/users\/1"}],"replies":[{"embeddable":true,"href":"https:\/\/www.miraclescome.com\/en\/wp-json\/wp\/v2\/comments?post=358"}],"version-history":[{"count":2,"href":"https:\/\/www.miraclescome.com\/en\/wp-json\/wp\/v2\/pages\/358\/revisions"}],"predecessor-version":[{"id":444,"href":"https:\/\/www.miraclescome.com\/en\/wp-json\/wp\/v2\/pages\/358\/revisions\/444"}],"wp:attachment":[{"href":"https:\/\/www.miraclescome.com\/en\/wp-json\/wp\/v2\/media?parent=358"}],"curies":[{"name":"wp","href":"https:\/\/api.w.org\/{rel}","templated":true}]}}