{"id":369,"date":"2016-02-19T16:42:07","date_gmt":"2016-02-19T15:42:07","guid":{"rendered":"http:\/\/www.miraclescome.com\/en\/approche-scientifique\/videos\/"},"modified":"2016-02-19T16:42:07","modified_gmt":"2016-02-19T15:42:07","slug":"videos","status":"publish","type":"page","link":"https:\/\/www.miraclescome.com\/en\/scientific-approach\/videos\/","title":{"rendered":"Vid\u00e9o fr\u00e9quences c\u00e9r\u00e9brales"},"content":{"rendered":"<p><iframe loading=\"lazy\" width=\"1140\" height=\"641\" src=\"https:\/\/www.youtube.com\/embed\/QJavT3vYgCA?feature=oembed\" frameborder=\"0\" allowfullscreen><\/iframe><\/p>\n","protected":false},"excerpt":{"rendered":"","protected":false},"author":1,"featured_media":0,"parent":365,"menu_order":1,"comment_status":"closed","ping_status":"closed","template":"","meta":{"footnotes":""},"class_list":["post-369","page","type-page","status-publish","hentry"],"yoast_head":"<!-- This site is optimized with the Yoast SEO plugin v27.4 - https:\/\/yoast.com\/product\/yoast-seo-wordpress\/ -->\n<title>Vid\u00e9o fr\u00e9quences c\u00e9r\u00e9brales - Spirit Life &amp; Science<\/title>\n<meta name=\"robots\" content=\"index, follow, max-snippet:-1, max-image-preview:large, max-video-preview:-1\" \/>\n<link rel=\"canonical\" href=\"https:\/\/www.miraclescome.com\/en\/scientific-approach\/videos\/\" \/>\n<meta property=\"og:locale\" content=\"en_US\" \/>\n<meta property=\"og:type\" content=\"article\" \/>\n<meta property=\"og:title\" content=\"Vid\u00e9o fr\u00e9quences c\u00e9r\u00e9brales - Spirit Life &amp; Science\" \/>\n<meta property=\"og:url\" content=\"https:\/\/www.miraclescome.com\/en\/scientific-approach\/videos\/\" \/>\n<meta property=\"og:site_name\" content=\"Spirit Life &amp; Science\" \/>\n<meta property=\"article:publisher\" content=\"http:\/\/www.facebook.com\/miraclescome.livre\" \/>\n<meta property=\"og:image\" content=\"http:\/\/www.miraclescome.com\/wp-content\/uploads\/2015\/09\/FullSizeRender3.jpg\" \/>\n<meta name=\"twitter:card\" content=\"summary_large_image\" \/>\n<script type=\"application\/ld+json\" class=\"yoast-schema-graph\">{\"@context\":\"https:\\\/\\\/schema.org\",\"@graph\":[{\"@type\":\"WebPage\",\"@id\":\"https:\\\/\\\/www.miraclescome.com\\\/en\\\/scientific-approach\\\/videos\\\/\",\"url\":\"https:\\\/\\\/www.miraclescome.com\\\/en\\\/scientific-approach\\\/videos\\\/\",\"name\":\"Vid\u00e9o fr\u00e9quences c\u00e9r\u00e9brales - Spirit Life & Science\",\"isPartOf\":{\"@id\":\"https:\\\/\\\/www.miraclescome.com\\\/en\\\/#website\"},\"datePublished\":\"2016-02-19T15:42:07+00:00\",\"breadcrumb\":{\"@id\":\"https:\\\/\\\/www.miraclescome.com\\\/en\\\/scientific-approach\\\/videos\\\/#breadcrumb\"},\"inLanguage\":\"en-US\",\"potentialAction\":[{\"@type\":\"ReadAction\",\"target\":[\"https:\\\/\\\/www.miraclescome.com\\\/en\\\/scientific-approach\\\/videos\\\/\"]}]},{\"@type\":\"BreadcrumbList\",\"@id\":\"https:\\\/\\\/www.miraclescome.com\\\/en\\\/scientific-approach\\\/videos\\\/#breadcrumb\",\"itemListElement\":[{\"@type\":\"ListItem\",\"position\":1,\"name\":\"Accueil\",\"item\":\"https:\\\/\\\/www.miraclescome.com\\\/en\\\/\"},{\"@type\":\"ListItem\",\"position\":2,\"name\":\"Scientific approach\",\"item\":\"https:\\\/\\\/www.miraclescome.com\\\/en\\\/scientific-approach\\\/\"},{\"@type\":\"ListItem\",\"position\":3,\"name\":\"Vid\u00e9o fr\u00e9quences c\u00e9r\u00e9brales\"}]},{\"@type\":\"WebSite\",\"@id\":\"https:\\\/\\\/www.miraclescome.com\\\/en\\\/#website\",\"url\":\"https:\\\/\\\/www.miraclescome.com\\\/en\\\/\",\"name\":\"Spirit Life & Science\",\"description\":\"Understanding your gifts of healing and mediumship\",\"potentialAction\":[{\"@type\":\"SearchAction\",\"target\":{\"@type\":\"EntryPoint\",\"urlTemplate\":\"https:\\\/\\\/www.miraclescome.com\\\/en\\\/?s={search_term_string}\"},\"query-input\":{\"@type\":\"PropertyValueSpecification\",\"valueRequired\":true,\"valueName\":\"search_term_string\"}}],\"inLanguage\":\"en-US\"}]}<\/script>\n<!-- \/ Yoast SEO plugin. -->","yoast_head_json":{"title":"Vid\u00e9o fr\u00e9quences c\u00e9r\u00e9brales - Spirit Life & Science","robots":{"index":"index","follow":"follow","max-snippet":"max-snippet:-1","max-image-preview":"max-image-preview:large","max-video-preview":"max-video-preview:-1"},"canonical":"https:\/\/www.miraclescome.com\/en\/scientific-approach\/videos\/","og_locale":"en_US","og_type":"article","og_title":"Vid\u00e9o fr\u00e9quences c\u00e9r\u00e9brales - Spirit Life & Science","og_url":"https:\/\/www.miraclescome.com\/en\/scientific-approach\/videos\/","og_site_name":"Spirit Life & Science","article_publisher":"http:\/\/www.facebook.com\/miraclescome.livre","og_image":[{"url":"http:\/\/www.miraclescome.com\/wp-content\/uploads\/2015\/09\/FullSizeRender3.jpg","type":"","width":"","height":""}],"twitter_card":"summary_large_image","schema":{"@context":"https:\/\/schema.org","@graph":[{"@type":"WebPage","@id":"https:\/\/www.miraclescome.com\/en\/scientific-approach\/videos\/","url":"https:\/\/www.miraclescome.com\/en\/scientific-approach\/videos\/","name":"Vid\u00e9o fr\u00e9quences c\u00e9r\u00e9brales - Spirit Life & Science","isPartOf":{"@id":"https:\/\/www.miraclescome.com\/en\/#website"},"datePublished":"2016-02-19T15:42:07+00:00","breadcrumb":{"@id":"https:\/\/www.miraclescome.com\/en\/scientific-approach\/videos\/#breadcrumb"},"inLanguage":"en-US","potentialAction":[{"@type":"ReadAction","target":["https:\/\/www.miraclescome.com\/en\/scientific-approach\/videos\/"]}]},{"@type":"BreadcrumbList","@id":"https:\/\/www.miraclescome.com\/en\/scientific-approach\/videos\/#breadcrumb","itemListElement":[{"@type":"ListItem","position":1,"name":"Accueil","item":"https:\/\/www.miraclescome.com\/en\/"},{"@type":"ListItem","position":2,"name":"Scientific approach","item":"https:\/\/www.miraclescome.com\/en\/scientific-approach\/"},{"@type":"ListItem","position":3,"name":"Vid\u00e9o fr\u00e9quences c\u00e9r\u00e9brales"}]},{"@type":"WebSite","@id":"https:\/\/www.miraclescome.com\/en\/#website","url":"https:\/\/www.miraclescome.com\/en\/","name":"Spirit Life & Science","description":"Understanding your gifts of healing and mediumship","potentialAction":[{"@type":"SearchAction","target":{"@type":"EntryPoint","urlTemplate":"https:\/\/www.miraclescome.com\/en\/?s={search_term_string}"},"query-input":{"@type":"PropertyValueSpecification","valueRequired":true,"valueName":"search_term_string"}}],"inLanguage":"en-US"}]}},"_links":{"self":[{"href":"https:\/\/www.miraclescome.com\/en\/wp-json\/wp\/v2\/pages\/369","targetHints":{"allow":["GET"]}}],"collection":[{"href":"https:\/\/www.miraclescome.com\/en\/wp-json\/wp\/v2\/pages"}],"about":[{"href":"https:\/\/www.miraclescome.com\/en\/wp-json\/wp\/v2\/types\/page"}],"author":[{"embeddable":true,"href":"https:\/\/www.miraclescome.com\/en\/wp-json\/wp\/v2\/users\/1"}],"replies":[{"embeddable":true,"href":"https:\/\/www.miraclescome.com\/en\/wp-json\/wp\/v2\/comments?post=369"}],"version-history":[{"count":0,"href":"https:\/\/www.miraclescome.com\/en\/wp-json\/wp\/v2\/pages\/369\/revisions"}],"up":[{"embeddable":true,"href":"https:\/\/www.miraclescome.com\/en\/wp-json\/wp\/v2\/pages\/365"}],"wp:attachment":[{"href":"https:\/\/www.miraclescome.com\/en\/wp-json\/wp\/v2\/media?parent=369"}],"curies":[{"name":"wp","href":"https:\/\/api.w.org\/{rel}","templated":true}]}}