{"id":374,"date":"2015-09-30T09:20:49","date_gmt":"2015-09-30T08:20:49","guid":{"rendered":"http:\/\/www.miraclescome.com\/en\/le-livre\/"},"modified":"2024-01-25T10:05:05","modified_gmt":"2024-01-25T09:05:05","slug":"the-book-summary","status":"publish","type":"page","link":"https:\/\/www.miraclescome.com\/en\/the-book-summary\/","title":{"rendered":"The Book: Where to buy"},"content":{"rendered":"<h3><strong>The absolute reference <\/strong><\/h3>\n<p>DESCRIPTION :<br \/>\n\u2013 416 pages<br \/>\n\u2013 17 \u00d7 24\u00a0cm<br \/>\n\u2013 Hard cover<br \/>\n\u2013 ISBN : 978-2-88256-204-<\/p>\n<p>Written with precision and verve, this book not only provides all the necessary tools to use when speaking, in a concrete manner, to spiritual guides and to the deceased, it also and above all stresses the need to adopt a practice that is healthy for both body and mind. Indeed, there are considerable differences between individual forms of practice which range from very healthy to very harmful. In the same manner, no person who sees spirits or hears voices can be qualified as schizophrenic &#8211; far from it, as we shall see!<\/p>\n<p>The reader who is seeking an understanding of humans in their states of consciousness will obtain simple and precise instructions. Anyone who is seeking to serve others through healing will find the appropriate tools.<\/p>\n<p>In discussing death this book brings us closer to life. Awakening comes through practice, and anyone can practice. What makes people different is how sincerely they want to succeed.<\/p>\n<p>Through its methodological approach, this work elucidates the mystery behind sensitivity, a mystery which is transfixed by the magic of poetry.<\/p>\n<p>Available now in French under the title of Au-del\u00e0 d\u2019un D\u00e9funt: M\u00e9diumnit\u00e9 et Gu\u00e9rison au Quotidien [\u201cBeyond the Dead: Daily Healing and Mediumship\u201d], this magisterial reference work will soon be available in English in its entirety under the title &#8220;Spirit Life &amp; Science: Understanding your Gifts of Healing and Mediumship&#8221;. Please check back often for updates!<\/p>\n<p>Interested in getting a copy of the French edition?<\/p>\n<h2 style=\"text-align: center;\"><a href=\"https:\/\/www.hannesjacob.ch\/en\/shop\/\" target=\"_blank\" rel=\"noopener\">Get your copy<\/a><\/h2>\n","protected":false},"excerpt":{"rendered":"<p>The absolute reference DESCRIPTION : \u2013 416 pages \u2013 17 \u00d7 24\u00a0cm \u2013 Hard cover \u2013 ISBN : 978-2-88256-204- Written with precision and verve, this book not only provides all the necessary tools to use when speaking, in a concrete manner, to spiritual guides and to the deceased, it also and above all stresses the [&hellip;]<\/p>\n","protected":false},"author":1,"featured_media":149,"parent":0,"menu_order":5,"comment_status":"closed","ping_status":"closed","template":"","meta":{"footnotes":""},"class_list":["post-374","page","type-page","status-publish","has-post-thumbnail","hentry"],"yoast_head":"<!-- This site is optimized with the Yoast SEO plugin v27.4 - https:\/\/yoast.com\/product\/yoast-seo-wordpress\/ -->\n<title>The Book: Where to buy - Spirit Life &amp; Science<\/title>\n<meta name=\"robots\" content=\"index, follow, max-snippet:-1, max-image-preview:large, max-video-preview:-1\" \/>\n<link rel=\"canonical\" href=\"https:\/\/www.miraclescome.com\/le-livre\/\" \/>\n<meta property=\"og:locale\" content=\"en_US\" \/>\n<meta property=\"og:type\" content=\"article\" \/>\n<meta property=\"og:title\" content=\"The Book: Where to buy - Spirit Life &amp; Science\" \/>\n<meta property=\"og:description\" content=\"The absolute reference DESCRIPTION : \u2013 416 pages \u2013 17 \u00d7 24\u00a0cm \u2013 Hard cover \u2013 ISBN : 978-2-88256-204- Written with precision and verve, this book not only provides all the necessary tools to use when speaking, in a concrete manner, to spiritual guides and to the deceased, it also and above all stresses the [&hellip;]\" \/>\n<meta property=\"og:url\" content=\"https:\/\/www.miraclescome.com\/le-livre\/\" \/>\n<meta property=\"og:site_name\" content=\"Spirit Life &amp; Science\" \/>\n<meta property=\"article:publisher\" content=\"http:\/\/www.facebook.com\/miraclescome.livre\" \/>\n<meta property=\"article:modified_time\" content=\"2024-01-25T09:05:05+00:00\" \/>\n<meta property=\"og:image\" content=\"https:\/\/www.miraclescome.com\/wp-content\/uploads\/2015\/09\/livre.jpg\" \/>\n\t<meta property=\"og:image:width\" content=\"355\" \/>\n\t<meta property=\"og:image:height\" content=\"355\" \/>\n\t<meta property=\"og:image:type\" content=\"image\/jpeg\" \/>\n<meta name=\"twitter:card\" content=\"summary_large_image\" \/>\n<meta name=\"twitter:label1\" content=\"Est. reading time\" \/>\n\t<meta name=\"twitter:data1\" content=\"2 minutes\" \/>\n<script type=\"application\/ld+json\" class=\"yoast-schema-graph\">{\"@context\":\"https:\\\/\\\/schema.org\",\"@graph\":[{\"@type\":\"WebPage\",\"@id\":\"https:\\\/\\\/www.miraclescome.com\\\/le-livre\\\/\",\"url\":\"https:\\\/\\\/www.miraclescome.com\\\/le-livre\\\/\",\"name\":\"The Book: Where to buy - Spirit Life & Science\",\"isPartOf\":{\"@id\":\"https:\\\/\\\/www.miraclescome.com\\\/en\\\/#website\"},\"primaryImageOfPage\":{\"@id\":\"https:\\\/\\\/www.miraclescome.com\\\/le-livre\\\/#primaryimage\"},\"image\":{\"@id\":\"https:\\\/\\\/www.miraclescome.com\\\/le-livre\\\/#primaryimage\"},\"thumbnailUrl\":\"https:\\\/\\\/www.miraclescome.com\\\/wp-content\\\/uploads\\\/2015\\\/09\\\/livre.jpg\",\"datePublished\":\"2015-09-30T08:20:49+00:00\",\"dateModified\":\"2024-01-25T09:05:05+00:00\",\"breadcrumb\":{\"@id\":\"https:\\\/\\\/www.miraclescome.com\\\/le-livre\\\/#breadcrumb\"},\"inLanguage\":\"en-US\",\"potentialAction\":[{\"@type\":\"ReadAction\",\"target\":[\"https:\\\/\\\/www.miraclescome.com\\\/le-livre\\\/\"]}]},{\"@type\":\"ImageObject\",\"inLanguage\":\"en-US\",\"@id\":\"https:\\\/\\\/www.miraclescome.com\\\/le-livre\\\/#primaryimage\",\"url\":\"https:\\\/\\\/www.miraclescome.com\\\/wp-content\\\/uploads\\\/2015\\\/09\\\/livre.jpg\",\"contentUrl\":\"https:\\\/\\\/www.miraclescome.com\\\/wp-content\\\/uploads\\\/2015\\\/09\\\/livre.jpg\",\"width\":355,\"height\":355},{\"@type\":\"BreadcrumbList\",\"@id\":\"https:\\\/\\\/www.miraclescome.com\\\/le-livre\\\/#breadcrumb\",\"itemListElement\":[{\"@type\":\"ListItem\",\"position\":1,\"name\":\"Accueil\",\"item\":\"https:\\\/\\\/www.miraclescome.com\\\/en\\\/\"},{\"@type\":\"ListItem\",\"position\":2,\"name\":\"The Book: Where to buy\"}]},{\"@type\":\"WebSite\",\"@id\":\"https:\\\/\\\/www.miraclescome.com\\\/en\\\/#website\",\"url\":\"https:\\\/\\\/www.miraclescome.com\\\/en\\\/\",\"name\":\"Spirit Life & Science\",\"description\":\"Understanding your gifts of healing and mediumship\",\"potentialAction\":[{\"@type\":\"SearchAction\",\"target\":{\"@type\":\"EntryPoint\",\"urlTemplate\":\"https:\\\/\\\/www.miraclescome.com\\\/en\\\/?s={search_term_string}\"},\"query-input\":{\"@type\":\"PropertyValueSpecification\",\"valueRequired\":true,\"valueName\":\"search_term_string\"}}],\"inLanguage\":\"en-US\"}]}<\/script>\n<!-- \/ Yoast SEO plugin. -->","yoast_head_json":{"title":"The Book: Where to buy - Spirit Life & Science","robots":{"index":"index","follow":"follow","max-snippet":"max-snippet:-1","max-image-preview":"max-image-preview:large","max-video-preview":"max-video-preview:-1"},"canonical":"https:\/\/www.miraclescome.com\/le-livre\/","og_locale":"en_US","og_type":"article","og_title":"The Book: Where to buy - Spirit Life & Science","og_description":"The absolute reference DESCRIPTION : \u2013 416 pages \u2013 17 \u00d7 24\u00a0cm \u2013 Hard cover \u2013 ISBN : 978-2-88256-204- Written with precision and verve, this book not only provides all the necessary tools to use when speaking, in a concrete manner, to spiritual guides and to the deceased, it also and above all stresses the [&hellip;]","og_url":"https:\/\/www.miraclescome.com\/le-livre\/","og_site_name":"Spirit Life & Science","article_publisher":"http:\/\/www.facebook.com\/miraclescome.livre","article_modified_time":"2024-01-25T09:05:05+00:00","og_image":[{"width":355,"height":355,"url":"https:\/\/www.miraclescome.com\/wp-content\/uploads\/2015\/09\/livre.jpg","type":"image\/jpeg"}],"twitter_card":"summary_large_image","twitter_misc":{"Est. reading time":"2 minutes"},"schema":{"@context":"https:\/\/schema.org","@graph":[{"@type":"WebPage","@id":"https:\/\/www.miraclescome.com\/le-livre\/","url":"https:\/\/www.miraclescome.com\/le-livre\/","name":"The Book: Where to buy - Spirit Life & Science","isPartOf":{"@id":"https:\/\/www.miraclescome.com\/en\/#website"},"primaryImageOfPage":{"@id":"https:\/\/www.miraclescome.com\/le-livre\/#primaryimage"},"image":{"@id":"https:\/\/www.miraclescome.com\/le-livre\/#primaryimage"},"thumbnailUrl":"https:\/\/www.miraclescome.com\/wp-content\/uploads\/2015\/09\/livre.jpg","datePublished":"2015-09-30T08:20:49+00:00","dateModified":"2024-01-25T09:05:05+00:00","breadcrumb":{"@id":"https:\/\/www.miraclescome.com\/le-livre\/#breadcrumb"},"inLanguage":"en-US","potentialAction":[{"@type":"ReadAction","target":["https:\/\/www.miraclescome.com\/le-livre\/"]}]},{"@type":"ImageObject","inLanguage":"en-US","@id":"https:\/\/www.miraclescome.com\/le-livre\/#primaryimage","url":"https:\/\/www.miraclescome.com\/wp-content\/uploads\/2015\/09\/livre.jpg","contentUrl":"https:\/\/www.miraclescome.com\/wp-content\/uploads\/2015\/09\/livre.jpg","width":355,"height":355},{"@type":"BreadcrumbList","@id":"https:\/\/www.miraclescome.com\/le-livre\/#breadcrumb","itemListElement":[{"@type":"ListItem","position":1,"name":"Accueil","item":"https:\/\/www.miraclescome.com\/en\/"},{"@type":"ListItem","position":2,"name":"The Book: Where to buy"}]},{"@type":"WebSite","@id":"https:\/\/www.miraclescome.com\/en\/#website","url":"https:\/\/www.miraclescome.com\/en\/","name":"Spirit Life & Science","description":"Understanding your gifts of healing and mediumship","potentialAction":[{"@type":"SearchAction","target":{"@type":"EntryPoint","urlTemplate":"https:\/\/www.miraclescome.com\/en\/?s={search_term_string}"},"query-input":{"@type":"PropertyValueSpecification","valueRequired":true,"valueName":"search_term_string"}}],"inLanguage":"en-US"}]}},"_links":{"self":[{"href":"https:\/\/www.miraclescome.com\/en\/wp-json\/wp\/v2\/pages\/374","targetHints":{"allow":["GET"]}}],"collection":[{"href":"https:\/\/www.miraclescome.com\/en\/wp-json\/wp\/v2\/pages"}],"about":[{"href":"https:\/\/www.miraclescome.com\/en\/wp-json\/wp\/v2\/types\/page"}],"author":[{"embeddable":true,"href":"https:\/\/www.miraclescome.com\/en\/wp-json\/wp\/v2\/users\/1"}],"replies":[{"embeddable":true,"href":"https:\/\/www.miraclescome.com\/en\/wp-json\/wp\/v2\/comments?post=374"}],"version-history":[{"count":14,"href":"https:\/\/www.miraclescome.com\/en\/wp-json\/wp\/v2\/pages\/374\/revisions"}],"predecessor-version":[{"id":605,"href":"https:\/\/www.miraclescome.com\/en\/wp-json\/wp\/v2\/pages\/374\/revisions\/605"}],"wp:featuredmedia":[{"embeddable":true,"href":"https:\/\/www.miraclescome.com\/en\/wp-json\/wp\/v2\/media\/149"}],"wp:attachment":[{"href":"https:\/\/www.miraclescome.com\/en\/wp-json\/wp\/v2\/media?parent=374"}],"curies":[{"name":"wp","href":"https:\/\/api.w.org\/{rel}","templated":true}]}}